{"id":104610,"date":"2025-06-18T13:57:10","date_gmt":"2025-06-18T17:57:10","guid":{"rendered":"https:\/\/quebecantilles.ca\/?page_id=104610"},"modified":"2025-07-17T15:33:39","modified_gmt":"2025-07-17T19:33:39","slug":"faq","status":"publish","type":"page","link":"https:\/\/quebecantilles.ca\/qc\/faq\/","title":{"rendered":"FAQ"},"content":{"rendered":"<p>[et_pb_section fb_built=&#8221;1&#8243; _builder_version=&#8221;4.27.4&#8243; _module_preset=&#8221;default&#8221; global_colors_info=&#8221;{}&#8221;][et_pb_row _builder_version=&#8221;4.27.4&#8243; _module_preset=&#8221;default&#8221; global_colors_info=&#8221;{}&#8221;][et_pb_column type=&#8221;4_4&#8243; _builder_version=&#8221;4.27.4&#8243; _module_preset=&#8221;default&#8221; global_colors_info=&#8221;{}&#8221;][et_pb_text _builder_version=&#8221;4.27.4&#8243; _module_preset=&#8221;default&#8221; header_text_align=&#8221;center&#8221; header_font_size=&#8221;60px&#8221; global_colors_info=&#8221;{}&#8221;]<\/p>\n<h1>FAQ<\/h1>\n<p>[\/et_pb_text][et_pb_accordion open_toggle_text_color=&#8221;#000000&#8243; _builder_version=&#8221;4.27.4&#8243; _module_preset=&#8221;default&#8221; toggle_text_color=&#8221;#000000&#8243; hover_enabled=&#8221;0&#8243; global_colors_info=&#8221;{}&#8221; sticky_enabled=&#8221;0&#8243;][et_pb_accordion_item title=&#8221;1. How do I make a reservation?&#8221; _builder_version=&#8221;4.27.4&#8243; _module_preset=&#8221;default&#8221; body_font_size=&#8221;16px&#8221; body_line_height=&#8221;1.8em&#8221; global_colors_info=&#8221;{}&#8221; toggle_level=&#8221;h5&#8243; toggle_font_size=&#8221;19px&#8221; open=&#8221;off&#8221;]<\/p>\n<p data-start=\"226\" data-end=\"343\">It\u2019s simple! Just submit a <strong data-start=\"253\" data-end=\"276\">reservation request<\/strong> via our website or by phone, and <strong data-start=\"310\" data-end=\"340\">we take care of everything<\/strong>:<\/p>\n<ul data-start=\"344\" data-end=\"574\">\n<li data-start=\"344\" data-end=\"369\">\n<p data-start=\"346\" data-end=\"369\">Checking availability<\/p>\n<\/li>\n<li data-start=\"370\" data-end=\"396\">\n<p data-start=\"372\" data-end=\"396\">Preparing the contract<\/p>\n<\/li>\n<li data-start=\"397\" data-end=\"434\">\n<p data-start=\"399\" data-end=\"434\">Coordinating with property owners<\/p>\n<\/li>\n<li data-start=\"435\" data-end=\"468\">\n<p data-start=\"437\" data-end=\"468\">Sending your travel documents<\/p>\n<\/li>\n<li data-start=\"469\" data-end=\"574\">\n<p data-start=\"471\" data-end=\"574\">Guiding you right up to your arrival on site<br data-start=\"515\" data-end=\"518\" \/>You can relax\u2014you\u2019re in good hands from start to finish.<\/p>\n<\/li>\n<\/ul>\n<p>[\/et_pb_accordion_item][et_pb_accordion_item title=&#8221;2. How can I contact you?&#8221; open=&#8221;off&#8221; _builder_version=&#8221;4.27.4&#8243; _module_preset=&#8221;default&#8221; body_font_size=&#8221;16px&#8221; body_line_height=&#8221;1.8em&#8221; global_colors_info=&#8221;{}&#8221; toggle_level=&#8221;h5&#8243; toggle_font_size=&#8221;19px&#8221;]<\/p>\n<p data-start=\"2031\" data-end=\"2052\">You can reach us via:<\/p>\n<ul data-start=\"636\" data-end=\"753\">\n<li data-start=\"636\" data-end=\"665\">\n<p data-start=\"638\" data-end=\"665\"><strong data-start=\"638\" data-end=\"647\">Phone <\/strong>: 1\u2011855\u2011499\u20111980<\/p>\n<\/li>\n<li data-start=\"666\" data-end=\"703\">\n<p data-start=\"668\" data-end=\"703\"><strong data-start=\"668\" data-end=\"677\">Email <\/strong>: <a data-start=\"679\" data-end=\"701\" class=\"cursor-pointer\" rel=\"noopener\">info@quebecantilles.ca<\/a><\/p>\n<\/li>\n<li data-start=\"704\" data-end=\"753\">\n<p data-start=\"706\" data-end=\"753\"><strong data-start=\"706\" data-end=\"717\">Address <\/strong>: 2828 boul. Laurier, Qu\u00e9bec G1V\u202f0B9<\/p>\n<\/li>\n<\/ul>\n<p>[\/et_pb_accordion_item][et_pb_accordion_item title=&#8221;3. Can I rent a car or a boat?&#8221; _builder_version=&#8221;4.27.4&#8243; _module_preset=&#8221;default&#8221; body_font_size=&#8221;16px&#8221; body_line_height=&#8221;1.8em&#8221; hover_enabled=&#8221;0&#8243; global_colors_info=&#8221;{}&#8221; toggle_level=&#8221;h5&#8243; toggle_font_size=&#8221;19px&#8221; open=&#8221;on&#8221; sticky_enabled=&#8221;0&#8243;]<\/p>\n<p data-start=\"133\" data-end=\"280\">Yes! Qu\u00e9bec Antilles offers <strong data-start=\"824\" data-end=\"839\">car rentals<\/strong> (e.g., Kia Picanto at $46\/day, Renault Clio at $57\/day) and boat rentals, with or without skipper.<\/p>\n<p>[\/et_pb_accordion_item][et_pb_accordion_item title=&#8221;4. What is your cancellation policy?&#8221; _builder_version=&#8221;4.27.4&#8243; _module_preset=&#8221;default&#8221; body_font_size=&#8221;16px&#8221; body_line_height=&#8221;1.8em&#8221; global_colors_info=&#8221;{}&#8221; toggle_level=&#8221;h5&#8243; toggle_font_size=&#8221;19px&#8221; open=&#8221;off&#8221;]<\/p>\n<p data-start=\"991\" data-end=\"1164\">Our cancellation policy is mentioned at the bottom of all pages (villas, activities, vehicles). For full details, please check the \u201cCancellation policy\u201d section on the site.<\/p>\n<p>[\/et_pb_accordion_item][et_pb_accordion_item title=&#8221;5. Do you offer resources to help me plan my trip?&#8221; _builder_version=&#8221;4.27.4&#8243; _module_preset=&#8221;default&#8221; body_font_size=&#8221;16px&#8221; body_line_height=&#8221;1.8em&#8221; global_colors_info=&#8221;{}&#8221; toggle_level=&#8221;h5&#8243; toggle_font_size=&#8221;19px&#8221; open=&#8221;off&#8221;]<\/p>\n<p data-start=\"1227\" data-end=\"1286\">Yes! Check out our <strong data-start=\"1246\" data-end=\"1254\">blog<\/strong> for helpful articles such as:<\/p>\n<ul data-start=\"1287\" data-end=\"1448\">\n<li data-start=\"1287\" data-end=\"1322\">\n<p data-start=\"1289\" data-end=\"1322\">\u201cTop Scuba Sites in Guadeloupe\u201d<\/p>\n<\/li>\n<li data-start=\"1323\" data-end=\"1362\">\n<p data-start=\"1325\" data-end=\"1362\">\u201cBest Times to Visit the Caribbean\u201d<\/p>\n<\/li>\n<li data-start=\"1363\" data-end=\"1448\">\n<p data-start=\"1365\" data-end=\"1448\">\u201cMartinique Carnival Guide\u201d<br data-start=\"1392\" data-end=\"1395\" \/>These are great resources to help you plan your stay.<\/p>\n<\/li>\n<\/ul>\n<p>[\/et_pb_accordion_item][\/et_pb_accordion][\/et_pb_column][\/et_pb_row][\/et_pb_section]<\/p>\n","protected":false},"excerpt":{"rendered":"<p>FAQC'est simple ! Il vous suffit de soumettre une demande de r\u00e9servation via notre site web ou par t\u00e9l\u00e9phone, et nous nous occupons de tout : v\u00e9rification des disponibilit\u00e9s pr\u00e9paration du contrat coordination avec les propri\u00e9taires envoi de vos documents de voyage accompagnement jusqu'\u00e0 votre arriv\u00e9e sur place Vous pouvez vous d\u00e9tendre, vous \u00eates entre de bonnes mains du d\u00e9but \u00e0 la fin. Vous pouvez nous joindre via :...<\/p>","protected":false},"author":1,"featured_media":0,"parent":0,"menu_order":0,"comment_status":"closed","ping_status":"closed","template":"","meta":{"_et_pb_use_builder":"on","_et_pb_old_content":"","_et_gb_content_width":"","footnotes":""},"class_list":["post-104610","page","type-page","status-publish","hentry"],"aioseo_notices":[],"_links":{"self":[{"href":"https:\/\/quebecantilles.ca\/qc\/wp-json\/wp\/v2\/pages\/104610","targetHints":{"allow":["GET"]}}],"collection":[{"href":"https:\/\/quebecantilles.ca\/qc\/wp-json\/wp\/v2\/pages"}],"about":[{"href":"https:\/\/quebecantilles.ca\/qc\/wp-json\/wp\/v2\/types\/page"}],"author":[{"embeddable":true,"href":"https:\/\/quebecantilles.ca\/qc\/wp-json\/wp\/v2\/users\/1"}],"replies":[{"embeddable":true,"href":"https:\/\/quebecantilles.ca\/qc\/wp-json\/wp\/v2\/comments?post=104610"}],"version-history":[{"count":6,"href":"https:\/\/quebecantilles.ca\/qc\/wp-json\/wp\/v2\/pages\/104610\/revisions"}],"predecessor-version":[{"id":104780,"href":"https:\/\/quebecantilles.ca\/qc\/wp-json\/wp\/v2\/pages\/104610\/revisions\/104780"}],"wp:attachment":[{"href":"https:\/\/quebecantilles.ca\/qc\/wp-json\/wp\/v2\/media?parent=104610"}],"curies":[{"name":"wp","href":"https:\/\/api.w.org\/{rel}","templated":true}]}}