{"id":90513,"date":"2022-12-16T08:47:57","date_gmt":"2022-12-16T08:47:57","guid":{"rendered":"http:\/\/localhost\/wplayouts\/Traviloin\/?page_id=242901"},"modified":"2025-07-17T15:36:41","modified_gmt":"2025-07-17T19:36:41","slug":"a-propos","status":"publish","type":"page","link":"http:\/\/quebecantilles.ca\/qc\/a-propos\/","title":{"rendered":"\u00c0 propos de nous"},"content":{"rendered":"<p>[et_pb_section fb_built=&#8221;1&#8243; _builder_version=&#8221;4.19.3&#8243; _module_preset=&#8221;default&#8221; global_colors_info=&#8221;{}&#8221;][et_pb_row column_structure=&#8221;1_2,1_2&#8243; use_custom_gutter=&#8221;on&#8221; make_equal=&#8221;on&#8221; _builder_version=&#8221;4.19.3&#8243; _module_preset=&#8221;default&#8221; custom_padding=&#8221;||10px|||&#8221; global_colors_info=&#8221;{}&#8221;][et_pb_column type=&#8221;1_2&#8243; _builder_version=&#8221;4.19.3&#8243; _module_preset=&#8221;default&#8221; global_colors_info=&#8221;{}&#8221;][et_pb_text _builder_version=&#8221;4.27.4&#8243; _module_preset=&#8221;default&#8221; header_font=&#8221;|600|||||||&#8221; header_font_size=&#8221;35px&#8221; header_line_height=&#8221;1.3em&#8221; header_4_text_color=&#8221;gcid-eba31497-6e69-4db4-b056-231dd1dbbbce&#8221; header_4_font_size=&#8221;16px&#8221; custom_margin=&#8221;||1px||false|false&#8221; global_colors_info=&#8221;{%22gcid-eba31497-6e69-4db4-b056-231dd1dbbbce%22:%91%22header_4_text_color%22%93}&#8221;]<\/p>\n<h4>Who are we?<\/h4>\n<p>[\/et_pb_text][et_pb_text _builder_version=&#8221;4.27.4&#8243; _module_preset=&#8221;default&#8221; header_font=&#8221;|600|||||||&#8221; header_font_size=&#8221;32px&#8221; header_line_height=&#8221;1.3em&#8221; custom_margin=&#8221;||5px||false|false&#8221; hover_enabled=&#8221;0&#8243; global_colors_info=&#8221;{}&#8221; sticky_enabled=&#8221;0&#8243;]<\/p>\n<h1>We are the go-to choice in Quebec for all your location rentals in the Caribbean.<\/h1>\n<p>[\/et_pb_text][et_pb_text _builder_version=&#8221;4.27.4&#8243; _module_preset=&#8221;default&#8221; text_text_color=&#8221;#000000&#8243; text_line_height=&#8221;1.6em&#8221; global_colors_info=&#8221;{}&#8221;]<\/p>\n<p>Our company is your ideal partner for an unforgettable stay in the Caribbean. Specializing in villa and apartment rentals, as well as booking water and sports activities, we bring our expertise to your vacation. With meticulous attention to detail and an in-depth knowledge of the region, we offer rentals perfectly tailored to your needs.<\/p>\n<p>[\/et_pb_text][\/et_pb_column][et_pb_column type=&#8221;1_2&#8243; _builder_version=&#8221;4.19.3&#8243; _module_preset=&#8221;default&#8221; z_index=&#8221;1&#8243; global_colors_info=&#8221;{}&#8221;][et_pb_image src=&#8221;https:\/\/quebecantilles.ca\/wp-content\/uploads\/2024\/11\/favicon.png&#8221; title_text=&#8221;favicon&#8221; disabled_on=&#8221;on|off|off&#8221; _builder_version=&#8221;4.27.3&#8243; _module_preset=&#8221;default&#8221; positioning=&#8221;absolute&#8221; position_origin_a=&#8221;top_right&#8221; vertical_offset=&#8221;5px&#8221; horizontal_offset=&#8221;2px&#8221; z_index=&#8221;123&#8243; height=&#8221;100px&#8221; animation_style=&#8221;slide&#8221; animation_direction=&#8221;right&#8221; global_colors_info=&#8221;{}&#8221;][\/et_pb_image][et_pb_image src=&#8221;https:\/\/quebecantilles.ca\/wp-content\/uploads\/2024\/11\/Voyage_antilles-06.png&#8221; title_text=&#8221;Voyage_antilles-06&#8243; align=&#8221;center&#8221; _builder_version=&#8221;4.27.3&#8243; _module_preset=&#8221;default&#8221; max_width=&#8221;430px&#8221; module_alignment=&#8221;right&#8221; border_radii=&#8221;on|32px|32px|32px|32px&#8221; global_colors_info=&#8221;{}&#8221;][\/et_pb_image][et_pb_image src=&#8221;https:\/\/quebecantilles.ca\/wp-content\/uploads\/2024\/11\/Voyage_antilles-05.png&#8221; title_text=&#8221;Voyage_antilles-05&#8243; disabled_on=&#8221;on|off|off&#8221; _builder_version=&#8221;4.27.3&#8243; _module_preset=&#8221;default&#8221; positioning=&#8221;absolute&#8221; vertical_offset=&#8221;137px&#8221; horizontal_offset=&#8221;38px&#8221; z_index=&#8221;76&#8243; width=&#8221;150px&#8221; animation_style=&#8221;slide&#8221; animation_direction=&#8221;top&#8221; border_radii=&#8221;on|24px|24px|24px|24px&#8221; global_colors_info=&#8221;{}&#8221;][\/et_pb_image][\/et_pb_column][\/et_pb_row][et_pb_row column_structure=&#8221;1_4,1_4,1_4,1_4&#8243; use_custom_gutter=&#8221;on&#8221; gutter_width=&#8221;2&#8243; make_equal=&#8221;on&#8221; _builder_version=&#8221;4.19.3&#8243; _module_preset=&#8221;default&#8221; max_width=&#8221;1080px&#8221; module_alignment=&#8221;center&#8221; animation_style=&#8221;slide&#8221; animation_direction=&#8221;bottom&#8221; animation_intensity_slide=&#8221;16%&#8221; border_radii=&#8221;on|7px|7px|7px|7px&#8221; box_shadow_style=&#8221;preset1&#8243; box_shadow_vertical=&#8221;5px&#8221; box_shadow_blur=&#8221;25px&#8221; box_shadow_spread=&#8221;1px&#8221; box_shadow_color=&#8221;rgba(216,216,216,0.28)&#8221; global_colors_info=&#8221;{}&#8221;][et_pb_column type=&#8221;1_4&#8243; _builder_version=&#8221;4.19.3&#8243; _module_preset=&#8221;default&#8221; global_colors_info=&#8221;{}&#8221;][et_pb_number_counter title=&#8221;Years of experience&#8221; number=&#8221;4&#8243; percent_sign=&#8221;off&#8221; _builder_version=&#8221;4.27.4&#8243; _module_preset=&#8221;default&#8221; number_text_color=&#8221;gcid-eba31497-6e69-4db4-b056-231dd1dbbbce&#8221; global_colors_info=&#8221;{%22gcid-eba31497-6e69-4db4-b056-231dd1dbbbce%22:%91%22number_text_color%22%93}&#8221;][\/et_pb_number_counter][\/et_pb_column][et_pb_column type=&#8221;1_4&#8243; _builder_version=&#8221;4.19.3&#8243; _module_preset=&#8221;default&#8221; global_colors_info=&#8221;{}&#8221;][et_pb_number_counter title=&#8221;Destinations&#8221; number=&#8221;6&#8243; percent_sign=&#8221;off&#8221; _builder_version=&#8221;4.27.4&#8243; _module_preset=&#8221;default&#8221; number_text_color=&#8221;gcid-eba31497-6e69-4db4-b056-231dd1dbbbce&#8221; global_colors_info=&#8221;{%22gcid-eba31497-6e69-4db4-b056-231dd1dbbbce%22:%91%22number_text_color%22%93}&#8221;][\/et_pb_number_counter][\/et_pb_column][et_pb_column type=&#8221;1_4&#8243; _builder_version=&#8221;4.19.3&#8243; _module_preset=&#8221;default&#8221; global_colors_info=&#8221;{}&#8221;][et_pb_number_counter title=&#8221;Accomodations&#8221; number=&#8221;120&#8243; percent_sign=&#8221;off&#8221; _builder_version=&#8221;4.27.4&#8243; _module_preset=&#8221;default&#8221; number_text_color=&#8221;gcid-eba31497-6e69-4db4-b056-231dd1dbbbce&#8221; global_colors_info=&#8221;{%22gcid-eba31497-6e69-4db4-b056-231dd1dbbbce%22:%91%22number_text_color%22%93}&#8221;][\/et_pb_number_counter][\/et_pb_column][et_pb_column type=&#8221;1_4&#8243; _builder_version=&#8221;4.19.3&#8243; _module_preset=&#8221;default&#8221; global_colors_info=&#8221;{}&#8221;][et_pb_number_counter title=&#8221;Satisfied clients&#8221; number=&#8221;1200&#8243; percent_sign=&#8221;off&#8221; _builder_version=&#8221;4.27.4&#8243; _module_preset=&#8221;default&#8221; number_text_color=&#8221;gcid-eba31497-6e69-4db4-b056-231dd1dbbbce&#8221; global_colors_info=&#8221;{%22gcid-eba31497-6e69-4db4-b056-231dd1dbbbce%22:%91%22number_text_color%22%93}&#8221;][\/et_pb_number_counter][\/et_pb_column][\/et_pb_row][\/et_pb_section][et_pb_section fb_built=&#8221;1&#8243; make_equal=&#8221;on&#8221; use_custom_gutter=&#8221;on&#8221; gutter_width=&#8221;2&#8243; specialty=&#8221;on&#8221; module_class_2=&#8221;wps-testimonial-carousel&#8221; disabled_on=&#8221;on|on|on&#8221; _builder_version=&#8221;4.27.3&#8243; _module_preset=&#8221;default&#8221; background_color=&#8221;gcid-79ca4b33-d162-4ede-a7da-10bfc348867f&#8221; background_image=&#8221;https:\/\/quebecantilles.ca\/wp-content\/uploads\/2024\/11\/Voyage_antilles-06.png&#8221; background_blend=&#8221;overlay&#8221; module_alignment=&#8221;center&#8221; inner_module_alignment=&#8221;center&#8221; custom_padding=&#8221;100px||100px||true|&#8221; disabled=&#8221;on&#8221; global_colors_info=&#8221;{%22gcid-79ca4b33-d162-4ede-a7da-10bfc348867f%22:%91%22background_color%22%93}&#8221;][et_pb_column type=&#8221;1_2&#8243; _builder_version=&#8221;4.16&#8243; custom_padding=&#8221;|||&#8221; global_colors_info=&#8221;{}&#8221; custom_padding__hover=&#8221;|||&#8221;][et_pb_text _builder_version=&#8221;4.27.4&#8243; _module_preset=&#8221;default&#8221; header_4_font=&#8221;|700|||||||&#8221; header_4_text_color=&#8221;gcid-eba31497-6e69-4db4-b056-231dd1dbbbce&#8221; header_4_font_size=&#8221;25px&#8221; custom_margin=&#8221;||0px||false|false&#8221; global_colors_info=&#8221;{%22gcid-eba31497-6e69-4db4-b056-231dd1dbbbce%22:%91%22header_4_text_color%22%93}&#8221;]<\/p>\n<p>Some reviews<\/p>\n<p>[\/et_pb_text][et_pb_text _builder_version=&#8221;4.27.4&#8243; _module_preset=&#8221;default&#8221; header_2_font=&#8221;|700|||||||&#8221; header_2_text_color=&#8221;#FFFFFF&#8221; header_2_font_size=&#8221;42px&#8221; header_2_line_height=&#8221;1.2em&#8221; header_4_font=&#8221;|700|||||||&#8221; header_4_text_color=&#8221;gcid-ac30ddcc-8d1d-4da6-af58-80b6376448ce&#8221; header_4_font_size=&#8221;25px&#8221; custom_margin=&#8221;||1px||false|false&#8221; custom_padding=&#8221;|0px||||&#8221; global_colors_info=&#8221;{%22gcid-ac30ddcc-8d1d-4da6-af58-80b6376448ce%22:%91%22header_4_text_color%22%93}&#8221;]<\/p>\n<h2>Let our clients&#8217; reviews speak for themselves.<\/h2>\n<p>[\/et_pb_text][et_pb_text _builder_version=&#8221;4.19.2&#8243; _module_preset=&#8221;default&#8221; text_font_size=&#8221;18px&#8221; text_line_height=&#8221;1.4em&#8221; background_layout=&#8221;dark&#8221; custom_padding=&#8221;|2px||||&#8221; global_colors_info=&#8221;{}&#8221;]Lorem ipsum dolor sit amet, consectetur adipiscing elit, sed do eiusmod tempor incididunt ut labore&#8230;.[\/et_pb_text][\/et_pb_column][et_pb_column type=&#8221;1_2&#8243; specialty_columns=&#8221;2&#8243; _builder_version=&#8221;4.16&#8243; custom_padding=&#8221;|||&#8221; global_colors_info=&#8221;{}&#8221; custom_padding__hover=&#8221;|||&#8221;][et_pb_row_inner _builder_version=&#8221;4.19.2&#8243; _module_preset=&#8221;default&#8221; custom_padding=&#8221;46px|||||&#8221; global_colors_info=&#8221;{}&#8221;][et_pb_column_inner saved_specialty_column_type=&#8221;1_2&#8243; _builder_version=&#8221;4.19.2&#8243; _module_preset=&#8221;default&#8221; global_colors_info=&#8221;{}&#8221;][et_pb_blurb use_icon=&#8221;on&#8221; font_icon=&#8221;&#xf10d;||fa||900&#8243; icon_color=&#8221;gcid-eba31497-6e69-4db4-b056-231dd1dbbbce&#8221; icon_placement=&#8221;left&#8221; content_max_width=&#8221;640px&#8221; _builder_version=&#8221;4.19.2&#8243; _module_preset=&#8221;default&#8221; header_font_size=&#8221;1px&#8221; body_font_size=&#8221;16px&#8221; body_line_height=&#8221;1.4em&#8221; background_layout=&#8221;dark&#8221; custom_margin=&#8221;||19px||false|false&#8221; global_colors_info=&#8221;{%22gcid-eba31497-6e69-4db4-b056-231dd1dbbbce%22:%91%22icon_color%22%93}&#8221;]<\/p>\n<p>Lorem Ipsum is simply dummied text of the printing typesetting industry. Lorem ipsum a simple Lorem Ipsum has been the industry&#8217;s standard dummy hic et quidem. Dignissimos maxime velit unde inventore quasi vero dolorem.<\/p>\n<p>[\/et_pb_blurb][et_pb_blurb title=&#8221;Julias Henry&#8221; image=&#8221;https:\/\/quebecantilles.ca\/wp-content\/uploads\/2024\/11\/pexels-photo-555790.png&#8221; icon_placement=&#8221;left&#8221; image_icon_width=&#8221;85px&#8221; _builder_version=&#8221;4.27.4&#8243; _module_preset=&#8221;default&#8221; header_level=&#8221;h3&#8243; header_font=&#8221;|600|||||||&#8221; header_text_color=&#8221;#FFFFFF&#8221; header_line_height=&#8221;2.1em&#8221; body_text_color=&#8221;gcid-ac30ddcc-8d1d-4da6-af58-80b6376448ce&#8221; body_font_size=&#8221;16px&#8221; body_line_height=&#8221;0.4em&#8221; border_radii_image=&#8221;on|94px|94px|94px|94px&#8221; global_colors_info=&#8221;{%22gcid-ac30ddcc-8d1d-4da6-af58-80b6376448ce%22:%91%22body_text_color%22%93}&#8221;]<\/p>\n<p>Satisfied clients<\/p>\n<p>[\/et_pb_blurb][\/et_pb_column_inner][\/et_pb_row_inner][et_pb_row_inner _builder_version=&#8221;4.19.2&#8243; _module_preset=&#8221;default&#8221; custom_padding=&#8221;46px|||||&#8221; global_colors_info=&#8221;{}&#8221;][et_pb_column_inner saved_specialty_column_type=&#8221;1_2&#8243; _builder_version=&#8221;4.19.2&#8243; _module_preset=&#8221;default&#8221; global_colors_info=&#8221;{}&#8221;][et_pb_blurb use_icon=&#8221;on&#8221; font_icon=&#8221;&#xf10d;||fa||900&#8243; icon_color=&#8221;gcid-eba31497-6e69-4db4-b056-231dd1dbbbce&#8221; icon_placement=&#8221;left&#8221; content_max_width=&#8221;640px&#8221; _builder_version=&#8221;4.19.2&#8243; _module_preset=&#8221;default&#8221; header_font_size=&#8221;1px&#8221; body_font_size=&#8221;16px&#8221; body_line_height=&#8221;1.4em&#8221; background_layout=&#8221;dark&#8221; custom_margin=&#8221;||19px||false|false&#8221; global_colors_info=&#8221;{%22gcid-eba31497-6e69-4db4-b056-231dd1dbbbce%22:%91%22icon_color%22%93}&#8221;]<\/p>\n<p>Lorem Ipsum is simply dummied text of the printing typesetting industry. Lorem ipsum a simple Lorem Ipsum has been the industry&#8217;s standard dummy hic et quidem. Dignissimos maxime velit unde inventore quasi vero dolorem.<\/p>\n<p>[\/et_pb_blurb][et_pb_blurb title=&#8221;Kelton Henry&#8221; image=&#8221;https:\/\/quebecantilles.ca\/wp-content\/uploads\/2024\/11\/img1.png&#8221; icon_placement=&#8221;left&#8221; image_icon_width=&#8221;85px&#8221; _builder_version=&#8221;4.27.4&#8243; _module_preset=&#8221;default&#8221; header_level=&#8221;h3&#8243; header_font=&#8221;|600|||||||&#8221; header_text_color=&#8221;#FFFFFF&#8221; header_line_height=&#8221;2.1em&#8221; body_text_color=&#8221;gcid-ac30ddcc-8d1d-4da6-af58-80b6376448ce&#8221; body_font_size=&#8221;16px&#8221; body_line_height=&#8221;0.4em&#8221; border_radii_image=&#8221;on|94px|94px|94px|94px&#8221; global_colors_info=&#8221;{%22gcid-ac30ddcc-8d1d-4da6-af58-80b6376448ce%22:%91%22body_text_color%22%93}&#8221;]<\/p>\n<p>Satisfied clients<\/p>\n<p>[\/et_pb_blurb][\/et_pb_column_inner][\/et_pb_row_inner][et_pb_row_inner _builder_version=&#8221;4.19.2&#8243; _module_preset=&#8221;default&#8221; custom_padding=&#8221;46px|||||&#8221; global_colors_info=&#8221;{}&#8221;][et_pb_column_inner saved_specialty_column_type=&#8221;1_2&#8243; _builder_version=&#8221;4.19.2&#8243; _module_preset=&#8221;default&#8221; global_colors_info=&#8221;{}&#8221;][et_pb_blurb use_icon=&#8221;on&#8221; font_icon=&#8221;&#xf10d;||fa||900&#8243; icon_color=&#8221;gcid-eba31497-6e69-4db4-b056-231dd1dbbbce&#8221; icon_placement=&#8221;left&#8221; content_max_width=&#8221;640px&#8221; _builder_version=&#8221;4.19.2&#8243; _module_preset=&#8221;default&#8221; header_font_size=&#8221;1px&#8221; body_font_size=&#8221;16px&#8221; body_line_height=&#8221;1.4em&#8221; background_layout=&#8221;dark&#8221; custom_margin=&#8221;||19px||false|false&#8221; global_colors_info=&#8221;{%22gcid-eba31497-6e69-4db4-b056-231dd1dbbbce%22:%91%22icon_color%22,%22icon_color%22%93}&#8221;]<\/p>\n<p>Lorem Ipsum is simply dummied text of the printing typesetting industry. Lorem ipsum a simple Lorem Ipsum has been the industry&#8217;s standard dummy hic et quidem. Dignissimos maxime velit unde inventore quasi vero dolorem.<\/p>\n<p>[\/et_pb_blurb][et_pb_blurb title=&#8221;Julias Henry&#8221; image=&#8221;https:\/\/quebecantilles.ca\/wp-content\/uploads\/2024\/11\/pexels-photo-555790.png&#8221; icon_placement=&#8221;left&#8221; image_icon_width=&#8221;85px&#8221; _builder_version=&#8221;4.27.4&#8243; _module_preset=&#8221;default&#8221; header_level=&#8221;h3&#8243; header_font=&#8221;|600|||||||&#8221; header_text_color=&#8221;#FFFFFF&#8221; header_line_height=&#8221;2.1em&#8221; body_text_color=&#8221;gcid-ac30ddcc-8d1d-4da6-af58-80b6376448ce&#8221; body_font_size=&#8221;16px&#8221; body_line_height=&#8221;0.4em&#8221; border_radii_image=&#8221;on|94px|94px|94px|94px&#8221; global_colors_info=&#8221;{%22gcid-ac30ddcc-8d1d-4da6-af58-80b6376448ce%22:%91%22body_text_color%22%93}&#8221;]<\/p>\n<p>Satisfied clients<\/p>\n<p>[\/et_pb_blurb][\/et_pb_column_inner][\/et_pb_row_inner][et_pb_row_inner _builder_version=&#8221;4.19.2&#8243; _module_preset=&#8221;default&#8221; custom_padding=&#8221;46px|||||&#8221; global_colors_info=&#8221;{}&#8221;][et_pb_column_inner saved_specialty_column_type=&#8221;1_2&#8243; _builder_version=&#8221;4.19.2&#8243; _module_preset=&#8221;default&#8221; global_colors_info=&#8221;{}&#8221;][et_pb_blurb use_icon=&#8221;on&#8221; font_icon=&#8221;&#xf10d;||fa||900&#8243; icon_color=&#8221;gcid-eba31497-6e69-4db4-b056-231dd1dbbbce&#8221; icon_placement=&#8221;left&#8221; content_max_width=&#8221;640px&#8221; _builder_version=&#8221;4.19.2&#8243; _module_preset=&#8221;default&#8221; header_font_size=&#8221;1px&#8221; body_font_size=&#8221;16px&#8221; body_line_height=&#8221;1.4em&#8221; background_layout=&#8221;dark&#8221; custom_margin=&#8221;||19px||false|false&#8221; global_colors_info=&#8221;{%22gcid-eba31497-6e69-4db4-b056-231dd1dbbbce%22:%91%22icon_color%22,%22icon_color%22%93}&#8221;]<\/p>\n<p>Lorem Ipsum is simply dummied text of the printing typesetting industry. Lorem ipsum a simple Lorem Ipsum has been the industry&#8217;s standard dummy hic et quidem. Dignissimos maxime velit unde inventore quasi vero dolorem.<\/p>\n<p>[\/et_pb_blurb][et_pb_blurb title=&#8221;Kelton Henry&#8221; image=&#8221;https:\/\/quebecantilles.ca\/wp-content\/uploads\/2024\/11\/img1.png&#8221; icon_placement=&#8221;left&#8221; image_icon_width=&#8221;85px&#8221; _builder_version=&#8221;4.27.4&#8243; _module_preset=&#8221;default&#8221; header_level=&#8221;h3&#8243; header_font=&#8221;|600|||||||&#8221; header_text_color=&#8221;#FFFFFF&#8221; header_line_height=&#8221;2.1em&#8221; body_text_color=&#8221;gcid-ac30ddcc-8d1d-4da6-af58-80b6376448ce&#8221; body_font_size=&#8221;16px&#8221; body_line_height=&#8221;0.4em&#8221; border_radii_image=&#8221;on|94px|94px|94px|94px&#8221; global_colors_info=&#8221;{%22gcid-ac30ddcc-8d1d-4da6-af58-80b6376448ce%22:%91%22body_text_color%22%93}&#8221;]<\/p>\n<p>Satisfied clients<\/p>\n<p>[\/et_pb_blurb][\/et_pb_column_inner][\/et_pb_row_inner][\/et_pb_column][\/et_pb_section]<\/p>\n","protected":false},"excerpt":{"rendered":"<p>Qui sommes-nous ? Nous sommes le choix par excellence au Qu\u00e9bec pour toutes vos locations dans les Cara\u00efbes. Notre entreprise est votre partenaire id\u00e9al pour un s\u00e9jour inoubliable dans les Cara\u00efbes. Sp\u00e9cialis\u00e9s dans la location de villas et d'appartements, ainsi que dans la r\u00e9servation d'activit\u00e9s nautiques et sportives, nous mettons notre expertise au service de vos vacances. Avec une attention m\u00e9ticuleuse aux d\u00e9tails...<\/p>","protected":false},"author":1,"featured_media":0,"parent":0,"menu_order":0,"comment_status":"closed","ping_status":"closed","template":"","meta":{"_et_pb_use_builder":"on","_et_pb_old_content":"","_et_gb_content_width":"","footnotes":""},"class_list":["post-90513","page","type-page","status-publish","hentry"],"aioseo_notices":[],"_links":{"self":[{"href":"http:\/\/quebecantilles.ca\/qc\/wp-json\/wp\/v2\/pages\/90513","targetHints":{"allow":["GET"]}}],"collection":[{"href":"http:\/\/quebecantilles.ca\/qc\/wp-json\/wp\/v2\/pages"}],"about":[{"href":"http:\/\/quebecantilles.ca\/qc\/wp-json\/wp\/v2\/types\/page"}],"author":[{"embeddable":true,"href":"http:\/\/quebecantilles.ca\/qc\/wp-json\/wp\/v2\/users\/1"}],"replies":[{"embeddable":true,"href":"http:\/\/quebecantilles.ca\/qc\/wp-json\/wp\/v2\/comments?post=90513"}],"version-history":[{"count":18,"href":"http:\/\/quebecantilles.ca\/qc\/wp-json\/wp\/v2\/pages\/90513\/revisions"}],"predecessor-version":[{"id":104781,"href":"http:\/\/quebecantilles.ca\/qc\/wp-json\/wp\/v2\/pages\/90513\/revisions\/104781"}],"wp:attachment":[{"href":"http:\/\/quebecantilles.ca\/qc\/wp-json\/wp\/v2\/media?parent=90513"}],"curies":[{"name":"wp","href":"https:\/\/api.w.org\/{rel}","templated":true}]}}